{"id":2,"date":"2023-11-27T11:14:08","date_gmt":"2023-11-27T11:14:08","guid":{"rendered":"http:\/\/www.vizyonsigortacilik.com\/?page_id=2"},"modified":"2023-11-27T11:14:08","modified_gmt":"2023-11-27T11:14:08","slug":"sample-page","status":"publish","type":"page","link":"http:\/\/www.vizyonsigortacilik.com\/?page_id=2","title":{"rendered":"Vizyon Sigortac\u0131l\u0131k"},"content":{"rendered":"\n<p>Vizyon Sigortac\u0131l\u0131k olarak sizlerle birlikte olman\u0131n sevincini ya\u015f\u0131yoruz.<\/p>\n\n\n\n<blockquote class=\"wp-block-quote\">\n<p>Yak\u0131nda yeni aray\u00fcz\u00fcm\u00fczle birarada olaca\u011f\u0131z.<\/p>\n\n\n\n<p><\/p>\n<\/blockquote>\n","protected":false},"excerpt":{"rendered":"<p>Vizyon Sigortac\u0131l\u0131k olarak sizlerle birlikte olman\u0131n sevincini ya\u015f\u0131yoruz. Yak\u0131nda yeni aray\u00fcz\u00fcm\u00fczle birarada olaca\u011f\u0131z.<\/p>\n","protected":false},"author":1,"featured_media":0,"parent":0,"menu_order":0,"comment_status":"closed","ping_status":"open","template":"","meta":{"footnotes":""},"_links":{"self":[{"href":"http:\/\/www.vizyonsigortacilik.com\/index.php?rest_route=\/wp\/v2\/pages\/2"}],"collection":[{"href":"http:\/\/www.vizyonsigortacilik.com\/index.php?rest_route=\/wp\/v2\/pages"}],"about":[{"href":"http:\/\/www.vizyonsigortacilik.com\/index.php?rest_route=\/wp\/v2\/types\/page"}],"author":[{"embeddable":true,"href":"http:\/\/www.vizyonsigortacilik.com\/index.php?rest_route=\/wp\/v2\/users\/1"}],"replies":[{"embeddable":true,"href":"http:\/\/www.vizyonsigortacilik.com\/index.php?rest_route=%2Fwp%2Fv2%2Fcomments&post=2"}],"version-history":[{"count":1,"href":"http:\/\/www.vizyonsigortacilik.com\/index.php?rest_route=\/wp\/v2\/pages\/2\/revisions"}],"predecessor-version":[{"id":9,"href":"http:\/\/www.vizyonsigortacilik.com\/index.php?rest_route=\/wp\/v2\/pages\/2\/revisions\/9"}],"wp:attachment":[{"href":"http:\/\/www.vizyonsigortacilik.com\/index.php?rest_route=%2Fwp%2Fv2%2Fmedia&parent=2"}],"curies":[{"name":"wp","href":"https:\/\/api.w.org\/{rel}","templated":true}]}}